{"id":21354,"date":"2025-01-01T21:47:51","date_gmt":"2025-01-01T20:47:51","guid":{"rendered":"https:\/\/sk-druzba-bukovany.cz\/www\/_starsi-pripravka\/"},"modified":"2026-02-12T19:49:32","modified_gmt":"2026-02-12T18:49:32","slug":"mladsi-pripravka-sk-druzba-bukovany","status":"publish","type":"page","link":"https:\/\/sk-druzba-bukovany.cz\/www\/mladsi-pripravka-sk-druzba-bukovany\/","title":{"rendered":"Mlad\u0161\u00ed p\u0159\u00edpravka"},"content":{"rendered":"","protected":false},"excerpt":{"rendered":"","protected":false},"author":1,"featured_media":0,"parent":0,"menu_order":0,"comment_status":"closed","ping_status":"closed","template":"","meta":{"footnotes":""},"class_list":["post-21354","page","type-page","status-publish","hentry"],"_links":{"self":[{"href":"https:\/\/sk-druzba-bukovany.cz\/www\/wp-json\/wp\/v2\/pages\/21354","targetHints":{"allow":["GET"]}}],"collection":[{"href":"https:\/\/sk-druzba-bukovany.cz\/www\/wp-json\/wp\/v2\/pages"}],"about":[{"href":"https:\/\/sk-druzba-bukovany.cz\/www\/wp-json\/wp\/v2\/types\/page"}],"author":[{"embeddable":true,"href":"https:\/\/sk-druzba-bukovany.cz\/www\/wp-json\/wp\/v2\/users\/1"}],"replies":[{"embeddable":true,"href":"https:\/\/sk-druzba-bukovany.cz\/www\/wp-json\/wp\/v2\/comments?post=21354"}],"version-history":[{"count":5,"href":"https:\/\/sk-druzba-bukovany.cz\/www\/wp-json\/wp\/v2\/pages\/21354\/revisions"}],"predecessor-version":[{"id":22254,"href":"https:\/\/sk-druzba-bukovany.cz\/www\/wp-json\/wp\/v2\/pages\/21354\/revisions\/22254"}],"wp:attachment":[{"href":"https:\/\/sk-druzba-bukovany.cz\/www\/wp-json\/wp\/v2\/media?parent=21354"}],"curies":[{"name":"wp","href":"https:\/\/api.w.org\/{rel}","templated":true}]}}